{"id":490,"date":"2023-08-21T11:23:18","date_gmt":"2023-08-21T15:23:18","guid":{"rendered":"https:\/\/localhost\/accentlabels\/web\/produits-emballage\/"},"modified":"2023-11-08T09:26:41","modified_gmt":"2023-11-08T14:26:41","slug":"produits-emballage","status":"publish","type":"page","link":"https:\/\/www.accentlabels.com\/fr\/produits-emballage\/","title":{"rendered":"Produits \/ Emballage"},"content":{"rendered":"","protected":false},"excerpt":{"rendered":"","protected":false},"author":4,"featured_media":0,"parent":0,"menu_order":0,"comment_status":"closed","ping_status":"closed","template":"template-parts\/products-packaging.php","meta":{"inline_featured_image":false,"footnotes":""},"class_list":["post-490","page","type-page","status-publish","hentry"],"acf":[],"yoast_head":"<!-- This site is optimized with the Yoast SEO plugin v21.3 - https:\/\/yoast.com\/wordpress\/plugins\/seo\/ -->\n<title>Produits \/ Emballage | Accent Labels<\/title>\n<meta name=\"description\" content=\"Nos solutions d\u2019emballage sur mesure \u00e9pousent votre marque, que vous soyez en qu\u00eate d\u2019innovation, d\u2019une pr\u00e9sence plus remarqu\u00e9e dans votre march\u00e9, ou simplement d\u2019un emballage plus intelligent et plus efficient. Et vous pouvez toujours compter sur la qualit\u00e9 et le souci du d\u00e9tail qui font notre renomm\u00e9e, quels que soient vos besoins. Que vous recherchiez l\u2019emballage id\u00e9al pour le commerce en ligne, un sac en poly\u00e9thyl\u00e8ne, une solution exemplaire sur le plan de l\u2019environnement, ou plus.\" \/>\n<meta name=\"robots\" content=\"index, follow, max-snippet:-1, max-image-preview:large, max-video-preview:-1\" \/>\n<link rel=\"canonical\" href=\"https:\/\/www.accentlabels.com\/fr\/produits-emballage\/\" \/>\n<meta property=\"og:locale\" content=\"fr_FR\" \/>\n<meta property=\"og:type\" content=\"article\" \/>\n<meta property=\"og:title\" content=\"Produits \/ Emballage | Accent Labels\" \/>\n<meta property=\"og:description\" content=\"Nos solutions d\u2019emballage sur mesure \u00e9pousent votre marque, que vous soyez en qu\u00eate d\u2019innovation, d\u2019une pr\u00e9sence plus remarqu\u00e9e dans votre march\u00e9, ou simplement d\u2019un emballage plus intelligent et plus efficient. Et vous pouvez toujours compter sur la qualit\u00e9 et le souci du d\u00e9tail qui font notre renomm\u00e9e, quels que soient vos besoins. Que vous recherchiez l\u2019emballage id\u00e9al pour le commerce en ligne, un sac en poly\u00e9thyl\u00e8ne, une solution exemplaire sur le plan de l\u2019environnement, ou plus.\" \/>\n<meta property=\"og:url\" content=\"https:\/\/www.accentlabels.com\/fr\/produits-emballage\/\" \/>\n<meta property=\"og:site_name\" content=\"Accent Labels\" \/>\n<meta property=\"article:modified_time\" content=\"2023-11-08T14:26:41+00:00\" \/>\n<meta name=\"twitter:card\" content=\"summary_large_image\" \/>\n<script type=\"application\/ld+json\" class=\"yoast-schema-graph\">{\"@context\":\"https:\/\/schema.org\",\"@graph\":[{\"@type\":\"WebPage\",\"@id\":\"https:\/\/www.accentlabels.com\/fr\/produits-emballage\/\",\"url\":\"https:\/\/www.accentlabels.com\/fr\/produits-emballage\/\",\"name\":\"Produits \/ Emballage | Accent Labels\",\"isPartOf\":{\"@id\":\"https:\/\/accentlabels.com\/#website\"},\"datePublished\":\"2023-08-21T15:23:18+00:00\",\"dateModified\":\"2023-11-08T14:26:41+00:00\",\"description\":\"Nos solutions d\u2019emballage sur mesure \u00e9pousent votre marque, que vous soyez en qu\u00eate d\u2019innovation, d\u2019une pr\u00e9sence plus remarqu\u00e9e dans votre march\u00e9, ou simplement d\u2019un emballage plus intelligent et plus efficient. Et vous pouvez toujours compter sur la qualit\u00e9 et le souci du d\u00e9tail qui font notre renomm\u00e9e, quels que soient vos besoins. Que vous recherchiez l\u2019emballage id\u00e9al pour le commerce en ligne, un sac en poly\u00e9thyl\u00e8ne, une solution exemplaire sur le plan de l\u2019environnement, ou plus.\",\"breadcrumb\":{\"@id\":\"https:\/\/www.accentlabels.com\/fr\/produits-emballage\/#breadcrumb\"},\"inLanguage\":\"fr-FR\",\"potentialAction\":[{\"@type\":\"ReadAction\",\"target\":[\"https:\/\/www.accentlabels.com\/fr\/produits-emballage\/\"]}]},{\"@type\":\"BreadcrumbList\",\"@id\":\"https:\/\/www.accentlabels.com\/fr\/produits-emballage\/#breadcrumb\",\"itemListElement\":[{\"@type\":\"ListItem\",\"position\":1,\"name\":\"Home\",\"item\":\"https:\/\/accentlabels.com\/fr\/\"},{\"@type\":\"ListItem\",\"position\":2,\"name\":\"Produits \/ Emballage\"}]},{\"@type\":\"WebSite\",\"@id\":\"https:\/\/accentlabels.com\/#website\",\"url\":\"https:\/\/accentlabels.com\/\",\"name\":\"Accent Labels\",\"description\":\"\",\"potentialAction\":[{\"@type\":\"SearchAction\",\"target\":{\"@type\":\"EntryPoint\",\"urlTemplate\":\"https:\/\/accentlabels.com\/?s={search_term_string}\"},\"query-input\":\"required name=search_term_string\"}],\"inLanguage\":\"fr-FR\"}]}<\/script>\n<!-- \/ Yoast SEO plugin. -->","yoast_head_json":{"title":"Produits \/ Emballage | Accent Labels","description":"Nos solutions d\u2019emballage sur mesure \u00e9pousent votre marque, que vous soyez en qu\u00eate d\u2019innovation, d\u2019une pr\u00e9sence plus remarqu\u00e9e dans votre march\u00e9, ou simplement d\u2019un emballage plus intelligent et plus efficient. Et vous pouvez toujours compter sur la qualit\u00e9 et le souci du d\u00e9tail qui font notre renomm\u00e9e, quels que soient vos besoins. Que vous recherchiez l\u2019emballage id\u00e9al pour le commerce en ligne, un sac en poly\u00e9thyl\u00e8ne, une solution exemplaire sur le plan de l\u2019environnement, ou plus.","robots":{"index":"index","follow":"follow","max-snippet":"max-snippet:-1","max-image-preview":"max-image-preview:large","max-video-preview":"max-video-preview:-1"},"canonical":"https:\/\/www.accentlabels.com\/fr\/produits-emballage\/","og_locale":"fr_FR","og_type":"article","og_title":"Produits \/ Emballage | Accent Labels","og_description":"Nos solutions d\u2019emballage sur mesure \u00e9pousent votre marque, que vous soyez en qu\u00eate d\u2019innovation, d\u2019une pr\u00e9sence plus remarqu\u00e9e dans votre march\u00e9, ou simplement d\u2019un emballage plus intelligent et plus efficient. Et vous pouvez toujours compter sur la qualit\u00e9 et le souci du d\u00e9tail qui font notre renomm\u00e9e, quels que soient vos besoins. Que vous recherchiez l\u2019emballage id\u00e9al pour le commerce en ligne, un sac en poly\u00e9thyl\u00e8ne, une solution exemplaire sur le plan de l\u2019environnement, ou plus.","og_url":"https:\/\/www.accentlabels.com\/fr\/produits-emballage\/","og_site_name":"Accent Labels","article_modified_time":"2023-11-08T14:26:41+00:00","twitter_card":"summary_large_image","schema":{"@context":"https:\/\/schema.org","@graph":[{"@type":"WebPage","@id":"https:\/\/www.accentlabels.com\/fr\/produits-emballage\/","url":"https:\/\/www.accentlabels.com\/fr\/produits-emballage\/","name":"Produits \/ Emballage | Accent Labels","isPartOf":{"@id":"https:\/\/accentlabels.com\/#website"},"datePublished":"2023-08-21T15:23:18+00:00","dateModified":"2023-11-08T14:26:41+00:00","description":"Nos solutions d\u2019emballage sur mesure \u00e9pousent votre marque, que vous soyez en qu\u00eate d\u2019innovation, d\u2019une pr\u00e9sence plus remarqu\u00e9e dans votre march\u00e9, ou simplement d\u2019un emballage plus intelligent et plus efficient. Et vous pouvez toujours compter sur la qualit\u00e9 et le souci du d\u00e9tail qui font notre renomm\u00e9e, quels que soient vos besoins. Que vous recherchiez l\u2019emballage id\u00e9al pour le commerce en ligne, un sac en poly\u00e9thyl\u00e8ne, une solution exemplaire sur le plan de l\u2019environnement, ou plus.","breadcrumb":{"@id":"https:\/\/www.accentlabels.com\/fr\/produits-emballage\/#breadcrumb"},"inLanguage":"fr-FR","potentialAction":[{"@type":"ReadAction","target":["https:\/\/www.accentlabels.com\/fr\/produits-emballage\/"]}]},{"@type":"BreadcrumbList","@id":"https:\/\/www.accentlabels.com\/fr\/produits-emballage\/#breadcrumb","itemListElement":[{"@type":"ListItem","position":1,"name":"Home","item":"https:\/\/accentlabels.com\/fr\/"},{"@type":"ListItem","position":2,"name":"Produits \/ Emballage"}]},{"@type":"WebSite","@id":"https:\/\/accentlabels.com\/#website","url":"https:\/\/accentlabels.com\/","name":"Accent Labels","description":"","potentialAction":[{"@type":"SearchAction","target":{"@type":"EntryPoint","urlTemplate":"https:\/\/accentlabels.com\/?s={search_term_string}"},"query-input":"required name=search_term_string"}],"inLanguage":"fr-FR"}]}},"_links":{"self":[{"href":"https:\/\/www.accentlabels.com\/fr\/wp-json\/wp\/v2\/pages\/490","targetHints":{"allow":["GET"]}}],"collection":[{"href":"https:\/\/www.accentlabels.com\/fr\/wp-json\/wp\/v2\/pages"}],"about":[{"href":"https:\/\/www.accentlabels.com\/fr\/wp-json\/wp\/v2\/types\/page"}],"author":[{"embeddable":true,"href":"https:\/\/www.accentlabels.com\/fr\/wp-json\/wp\/v2\/users\/4"}],"replies":[{"embeddable":true,"href":"https:\/\/www.accentlabels.com\/fr\/wp-json\/wp\/v2\/comments?post=490"}],"version-history":[{"count":2,"href":"https:\/\/www.accentlabels.com\/fr\/wp-json\/wp\/v2\/pages\/490\/revisions"}],"predecessor-version":[{"id":1377,"href":"https:\/\/www.accentlabels.com\/fr\/wp-json\/wp\/v2\/pages\/490\/revisions\/1377"}],"wp:attachment":[{"href":"https:\/\/www.accentlabels.com\/fr\/wp-json\/wp\/v2\/media?parent=490"}],"curies":[{"name":"wp","href":"https:\/\/api.w.org\/{rel}","templated":true}]}}